{"id":8129,"date":"2022-08-18T17:37:47","date_gmt":"2022-08-18T17:37:47","guid":{"rendered":"https:\/\/www.multibel.com\/?post_type=product&#038;p=8129"},"modified":"2026-03-27T15:52:46","modified_gmt":"2026-03-27T19:52:46","slug":"nettoyant-desinfectant-concentre-decon-quat-250-ml","status":"publish","type":"product","link":"https:\/\/www.multibel.com\/en\/product\/nettoyant-desinfectant-concentre-decon-quat-250-ml\/","title":{"rendered":"Decon-Quat Concentrated Disinfectant Cleaner 250ml, with 15ml Test Tube"},"content":{"rendered":"<ul>\n<li data-section-id=\"1q9i86p\" data-start=\"193\" data-end=\"311\">\n<p data-start=\"195\" data-end=\"311\">Concentrated disinfectant formulated to clean, disinfect, and sanitize hard, non-porous surfaces<\/p>\n<\/li>\n<li data-section-id=\"1emnqag\" data-start=\"312\" data-end=\"400\">\n<p data-start=\"314\" data-end=\"400\">Ideal for use in ultrasonic cleaning tanks and instrument maintenance<\/p>\n<\/li>\n<li data-section-id=\"s9p0eo\" data-start=\"401\" data-end=\"499\">\n<p data-start=\"403\" data-end=\"499\">Safe for instruments, probe tips, earmolds, and hearing devices<\/p>\n<\/li>\n<li data-section-id=\"p8i806\" data-start=\"500\" data-end=\"562\">\n<p data-start=\"502\" data-end=\"562\">Effective against a broad spectrum of bacteria<\/p>\n<\/li>\n<li data-section-id=\"1mj8vbi\" data-start=\"563\" data-end=\"632\">\n<p data-start=\"565\" data-end=\"632\">One-step formula for cleaning and disinfecting<\/p>\n<\/li>\n<li data-section-id=\"zyyk1z\" data-start=\"633\" data-end=\"675\">\n<p data-start=\"635\" data-end=\"675\">No rinsing required after use<\/p>\n<\/li>\n<li data-section-id=\"1u6knbr\" data-start=\"676\" data-end=\"743\">\n<p data-start=\"678\" data-end=\"743\">Recommended for clinics, laboratories, and healthcare facilities<\/p>\n<\/li>\n<li data-section-id=\"yendqz\" data-start=\"744\" data-end=\"824\">\n<p data-start=\"746\" data-end=\"824\">Fifth-generation quaternary ammonium disinfectant solution, EPA registered<\/p>\n<\/li>\n<li data-section-id=\"yendqz\" data-start=\"744\" data-end=\"824\">\ud83d\udc49 View <a href=\"https:\/\/www.multibel.com\/wp-content\/uploads\/2026\/03\/concentre-decon-quat-250ml-english.pdf\">dilution chart<\/a><\/li>\n<\/ul>\n<p>&nbsp;<\/p>","protected":false},"excerpt":{"rendered":"<p>Solution d\u00e9sinfectante concentr\u00e9e con\u00e7ue pour nettoyer, d\u00e9sinfecter et assainir les surfaces dures et non poreuses Id\u00e9al pour l\u2019utilisation dans les bacs \u00e0 ultrasons et pour l\u2019entretien d\u2019instruments N\u2019endommage pas les instruments, embouts de sondes, embouts auriculaires ou appareils auditifs D\u00e9sinfectant efficace contre un large spectre de bact\u00e9ries Formule tout-en-un : nettoyage et d\u00e9sinfection en une [&hellip;]<\/p>\n","protected":false},"featured_media":9882,"template":"","meta":{"inline_featured_image":false,"_themeisle_gutenberg_block_has_review":false},"genre":[],"product_cat":[198,77,169],"product_tag":[],"class_list":{"0":"post-8129","1":"product","2":"type-product","3":"status-publish","4":"has-post-thumbnail","6":"product_cat-tous-les-produits","7":"product_cat-aseptisation-et-desinfection","8":"product_cat-controle-des-infections","10":"first","11":"instock","12":"taxable","13":"shipping-taxable","14":"product-type-simple"},"_links":{"self":[{"href":"https:\/\/www.multibel.com\/en\/wp-json\/wp\/v2\/product\/8129","targetHints":{"allow":["GET"]}}],"collection":[{"href":"https:\/\/www.multibel.com\/en\/wp-json\/wp\/v2\/product"}],"about":[{"href":"https:\/\/www.multibel.com\/en\/wp-json\/wp\/v2\/types\/product"}],"version-history":[{"count":5,"href":"https:\/\/www.multibel.com\/en\/wp-json\/wp\/v2\/product\/8129\/revisions"}],"predecessor-version":[{"id":13062,"href":"https:\/\/www.multibel.com\/en\/wp-json\/wp\/v2\/product\/8129\/revisions\/13062"}],"wp:featuredmedia":[{"embeddable":true,"href":"https:\/\/www.multibel.com\/en\/wp-json\/wp\/v2\/media\/9882"}],"wp:attachment":[{"href":"https:\/\/www.multibel.com\/en\/wp-json\/wp\/v2\/media?parent=8129"}],"wp:term":[{"taxonomy":"product_brand","embeddable":true,"href":"https:\/\/www.multibel.com\/en\/wp-json\/wp\/v2\/genre?post=8129"},{"taxonomy":"product_cat","embeddable":true,"href":"https:\/\/www.multibel.com\/en\/wp-json\/wp\/v2\/product_cat?post=8129"},{"taxonomy":"product_tag","embeddable":true,"href":"https:\/\/www.multibel.com\/en\/wp-json\/wp\/v2\/product_tag?post=8129"}],"curies":[{"name":"wp","href":"https:\/\/api.w.org\/{rel}","templated":true}]}}