{"id":7267,"date":"2022-06-08T01:33:29","date_gmt":"2022-06-08T01:33:29","guid":{"rendered":"https:\/\/multibel.com\/?post_type=product&#038;p=7267"},"modified":"2026-03-13T18:26:49","modified_gmt":"2026-03-13T22:26:49","slug":"sensipro-creme-apaisante","status":"publish","type":"product","link":"https:\/\/www.multibel.com\/en\/product\/sensipro-creme-apaisante\/","title":{"rendered":"(SENSIPRO) Soothing Cream"},"content":{"rendered":"<p>Sensipro is specially formulated to relieve itching and discomfort in the ear canal.<\/p>\n<p>Its gentle alcohol-free formula helps soothe irritation while respecting the ear\u2019s natural moisture, without further drying the skin.<\/p>","protected":false},"excerpt":{"rendered":"<p>Sensipro est une cr\u00e8me sp\u00e9cialement formul\u00e9e pour soulager les d\u00e9mangeaisons et l\u2019inconfort du conduit auditif. Sa formule douce sans alcool apaise les irritations tout en respectant l\u2019hydratation naturelle de l\u2019oreille, sans ass\u00e9cher davantage la peau.<\/p>","protected":false},"featured_media":5939,"template":"","meta":{"inline_featured_image":false,"_themeisle_gutenberg_block_has_review":false},"genre":[],"product_cat":[70,71,198],"product_tag":[],"class_list":{"0":"post-7267","1":"product","2":"type-product","3":"status-publish","4":"has-post-thumbnail","6":"product_cat-revente","7":"product_cat-entretien-gamme-pro","8":"product_cat-tous-les-produits","10":"first","11":"instock","12":"taxable","13":"shipping-taxable","14":"product-type-simple"},"_links":{"self":[{"href":"https:\/\/www.multibel.com\/en\/wp-json\/wp\/v2\/product\/7267","targetHints":{"allow":["GET"]}}],"collection":[{"href":"https:\/\/www.multibel.com\/en\/wp-json\/wp\/v2\/product"}],"about":[{"href":"https:\/\/www.multibel.com\/en\/wp-json\/wp\/v2\/types\/product"}],"version-history":[{"count":6,"href":"https:\/\/www.multibel.com\/en\/wp-json\/wp\/v2\/product\/7267\/revisions"}],"predecessor-version":[{"id":12904,"href":"https:\/\/www.multibel.com\/en\/wp-json\/wp\/v2\/product\/7267\/revisions\/12904"}],"wp:featuredmedia":[{"embeddable":true,"href":"https:\/\/www.multibel.com\/en\/wp-json\/wp\/v2\/media\/5939"}],"wp:attachment":[{"href":"https:\/\/www.multibel.com\/en\/wp-json\/wp\/v2\/media?parent=7267"}],"wp:term":[{"taxonomy":"product_brand","embeddable":true,"href":"https:\/\/www.multibel.com\/en\/wp-json\/wp\/v2\/genre?post=7267"},{"taxonomy":"product_cat","embeddable":true,"href":"https:\/\/www.multibel.com\/en\/wp-json\/wp\/v2\/product_cat?post=7267"},{"taxonomy":"product_tag","embeddable":true,"href":"https:\/\/www.multibel.com\/en\/wp-json\/wp\/v2\/product_tag?post=7267"}],"curies":[{"name":"wp","href":"https:\/\/api.w.org\/{rel}","templated":true}]}}