{"id":7256,"date":"2022-06-08T01:33:28","date_gmt":"2022-06-08T01:33:28","guid":{"rendered":"https:\/\/multibel.com\/?post_type=product&#038;p=7256"},"modified":"2022-12-22T16:05:11","modified_gmt":"2022-12-22T16:05:11","slug":"piles-pour-telephone-c4220","status":"publish","type":"product","link":"https:\/\/www.multibel.com\/en\/product\/piles-pour-telephone-c4220\/","title":{"rendered":"(C4220P) Piles pour t\u00e9l\u00e9phone C4220"},"content":{"rendered":"<p>Ces piles sont compos\u00e9es de 3 EBL-20.<\/p>","protected":false},"excerpt":{"rendered":"<p>Ces piles sont compos\u00e9es de 3 EBL-20.<\/p>","protected":false},"featured_media":9036,"template":"","meta":{"inline_featured_image":false,"_themeisle_gutenberg_block_has_review":false},"genre":[],"product_cat":[139,141],"product_tag":[],"class_list":{"0":"post-7256","1":"product","2":"type-product","3":"status-publish","4":"has-post-thumbnail","6":"product_cat-lobe-resale","7":"product_cat-lobe-asa-lobe-resale","9":"first","10":"instock","11":"taxable","12":"shipping-taxable","13":"product-type-simple"},"_links":{"self":[{"href":"https:\/\/www.multibel.com\/en\/wp-json\/wp\/v2\/product\/7256","targetHints":{"allow":["GET"]}}],"collection":[{"href":"https:\/\/www.multibel.com\/en\/wp-json\/wp\/v2\/product"}],"about":[{"href":"https:\/\/www.multibel.com\/en\/wp-json\/wp\/v2\/types\/product"}],"version-history":[{"count":0,"href":"https:\/\/www.multibel.com\/en\/wp-json\/wp\/v2\/product\/7256\/revisions"}],"wp:featuredmedia":[{"embeddable":true,"href":"https:\/\/www.multibel.com\/en\/wp-json\/wp\/v2\/media\/9036"}],"wp:attachment":[{"href":"https:\/\/www.multibel.com\/en\/wp-json\/wp\/v2\/media?parent=7256"}],"wp:term":[{"taxonomy":"product_brand","embeddable":true,"href":"https:\/\/www.multibel.com\/en\/wp-json\/wp\/v2\/genre?post=7256"},{"taxonomy":"product_cat","embeddable":true,"href":"https:\/\/www.multibel.com\/en\/wp-json\/wp\/v2\/product_cat?post=7256"},{"taxonomy":"product_tag","embeddable":true,"href":"https:\/\/www.multibel.com\/en\/wp-json\/wp\/v2\/product_tag?post=7256"}],"curies":[{"name":"wp","href":"https:\/\/api.w.org\/{rel}","templated":true}]}}