{"id":12889,"date":"2026-03-13T17:07:02","date_gmt":"2026-03-13T21:07:02","guid":{"rendered":"https:\/\/www.multibel.com\/?post_type=product&#038;p=12889"},"modified":"2026-03-20T16:03:13","modified_gmt":"2026-03-20T20:03:13","slug":"2000-a-curettes-lightbeam-assortiment-sac-de-50","status":"publish","type":"product","link":"https:\/\/www.multibel.com\/en\/product\/2000-a-curettes-lightbeam-assortiment-sac-de-50\/","title":{"rendered":"Curettes Lightbeam, Variety Pack, Bag of 50"},"content":{"rendered":"<p>50pcs Variety Pack<br data-start=\"288\" data-end=\"291\" \/>Includes six (6) of each curette #1\u20138 and two (2) tweezers.<\/p>","protected":false},"excerpt":{"rendered":"<p>Ensemble vari\u00e9 de 50 unit\u00e9s.Inclut six (6) curettes de chaque taille #1 \u00e0 #8 et deux (2) pinces.<\/p>","protected":false},"featured_media":12891,"template":"","meta":{"inline_featured_image":false,"_themeisle_gutenberg_block_has_review":false},"genre":[],"product_cat":[98,145,198],"product_tag":[],"class_list":{"0":"post-12889","1":"product","2":"type-product","3":"status-publish","4":"has-post-thumbnail","6":"product_cat-examen-et-mesure","7":"product_cat-gestion-du-cerumen","8":"product_cat-tous-les-produits","10":"first","11":"instock","12":"taxable","13":"shipping-taxable","14":"product-type-simple"},"_links":{"self":[{"href":"https:\/\/www.multibel.com\/en\/wp-json\/wp\/v2\/product\/12889","targetHints":{"allow":["GET"]}}],"collection":[{"href":"https:\/\/www.multibel.com\/en\/wp-json\/wp\/v2\/product"}],"about":[{"href":"https:\/\/www.multibel.com\/en\/wp-json\/wp\/v2\/types\/product"}],"version-history":[{"count":2,"href":"https:\/\/www.multibel.com\/en\/wp-json\/wp\/v2\/product\/12889\/revisions"}],"predecessor-version":[{"id":12968,"href":"https:\/\/www.multibel.com\/en\/wp-json\/wp\/v2\/product\/12889\/revisions\/12968"}],"wp:featuredmedia":[{"embeddable":true,"href":"https:\/\/www.multibel.com\/en\/wp-json\/wp\/v2\/media\/12891"}],"wp:attachment":[{"href":"https:\/\/www.multibel.com\/en\/wp-json\/wp\/v2\/media?parent=12889"}],"wp:term":[{"taxonomy":"product_brand","embeddable":true,"href":"https:\/\/www.multibel.com\/en\/wp-json\/wp\/v2\/genre?post=12889"},{"taxonomy":"product_cat","embeddable":true,"href":"https:\/\/www.multibel.com\/en\/wp-json\/wp\/v2\/product_cat?post=12889"},{"taxonomy":"product_tag","embeddable":true,"href":"https:\/\/www.multibel.com\/en\/wp-json\/wp\/v2\/product_tag?post=12889"}],"curies":[{"name":"wp","href":"https:\/\/api.w.org\/{rel}","templated":true}]}}