{"id":12552,"date":"2026-01-26T15:00:51","date_gmt":"2026-01-26T20:00:51","guid":{"rendered":"https:\/\/www.multibel.com\/?post_type=product&#038;p=12552"},"modified":"2026-03-20T16:11:51","modified_gmt":"2026-03-20T20:11:51","slug":"4448-colle-dreve-480-fotofix-transparent-20ml","status":"publish","type":"product","link":"https:\/\/www.multibel.com\/en\/product\/4448-colle-dreve-480-fotofix-transparent-20ml\/","title":{"rendered":"Dreve 480 Fotofix Faceplate Glue, Clear Transparent, 20ml"},"content":{"rendered":"<p data-start=\"142\" data-end=\"183\">A UV curable faceplate glue.<\/p>\n<p data-start=\"185\" data-end=\"541\">Faceplate-glue for production of ITE-earmolds\nMethyl Methacrylate<br data-start=\"267\" data-end=\"270\" \/>Methyl Methacrylate<br data-start=\"294\" data-end=\"297\" \/>Hard-dry, non-sticky<br data-start=\"322\" data-end=\"325\" \/>Polymerises in 10 Minutes using Dreve Polylux 2000<br data-start=\"377\" data-end=\"380\" data-is-only-node=\"\" \/>Density @ 20oC: 1.05 g\/cm3<br data-start=\"409\" data-end=\"412\" \/>Viscosity @ 20oC: 20 mPa s<br data-start=\"441\" data-end=\"444\" \/>Vickers hardness after 1 Hr: 18 +2<br data-start=\"482\" data-end=\"485\" \/>Storage: 15 - 28oC, Humidity 40-60%<\/p>","protected":false},"excerpt":{"rendered":"<p>Colle pour faceplate \u00e0 polym\u00e9risation UV. Colle pour faceplate destin\u00e9e \u00e0 la fabrication d\u2019embouts intra-auriculaires (ITE).M\u00e9thacrylate de m\u00e9thyle.S\u00e9chage dur, non collant.Polym\u00e9rise en 10 minutes avec la Dreve Polylux 2000.Densit\u00e9 \u00e0 20 \u00b0C : 1,05 g\/cm\u00b3.Viscosit\u00e9 \u00e0 20 \u00b0C : 20 mPa\u00b7s.Duret\u00e9 Vickers apr\u00e8s 1 heure : 18 \u00b1 2.Conditions de stockage : 15 \u00e0 28 [&hellip;]<\/p>\n","protected":false},"featured_media":12553,"template":"","meta":{"inline_featured_image":false,"_themeisle_gutenberg_block_has_review":false},"genre":[],"product_cat":[198,124,127],"product_tag":[],"class_list":{"0":"post-12552","1":"product","2":"type-product","3":"status-publish","4":"has-post-thumbnail","6":"product_cat-tous-les-produits","7":"product_cat-reparations-et-modifications","8":"product_cat-colles-et-nettoyants","10":"first","11":"instock","12":"taxable","13":"shipping-taxable","14":"product-type-simple"},"_links":{"self":[{"href":"https:\/\/www.multibel.com\/en\/wp-json\/wp\/v2\/product\/12552","targetHints":{"allow":["GET"]}}],"collection":[{"href":"https:\/\/www.multibel.com\/en\/wp-json\/wp\/v2\/product"}],"about":[{"href":"https:\/\/www.multibel.com\/en\/wp-json\/wp\/v2\/types\/product"}],"version-history":[{"count":3,"href":"https:\/\/www.multibel.com\/en\/wp-json\/wp\/v2\/product\/12552\/revisions"}],"predecessor-version":[{"id":12976,"href":"https:\/\/www.multibel.com\/en\/wp-json\/wp\/v2\/product\/12552\/revisions\/12976"}],"wp:featuredmedia":[{"embeddable":true,"href":"https:\/\/www.multibel.com\/en\/wp-json\/wp\/v2\/media\/12553"}],"wp:attachment":[{"href":"https:\/\/www.multibel.com\/en\/wp-json\/wp\/v2\/media?parent=12552"}],"wp:term":[{"taxonomy":"product_brand","embeddable":true,"href":"https:\/\/www.multibel.com\/en\/wp-json\/wp\/v2\/genre?post=12552"},{"taxonomy":"product_cat","embeddable":true,"href":"https:\/\/www.multibel.com\/en\/wp-json\/wp\/v2\/product_cat?post=12552"},{"taxonomy":"product_tag","embeddable":true,"href":"https:\/\/www.multibel.com\/en\/wp-json\/wp\/v2\/product_tag?post=12552"}],"curies":[{"name":"wp","href":"https:\/\/api.w.org\/{rel}","templated":true}]}}