{"id":12151,"date":"2025-10-08T17:16:30","date_gmt":"2025-10-08T21:16:30","guid":{"rendered":"https:\/\/www.multibel.com\/?post_type=product&#038;p=12151"},"modified":"2026-03-23T21:48:34","modified_gmt":"2026-03-24T01:48:34","slug":"1426-otoscope-luxamed-del-rechargeable-3-7v","status":"publish","type":"product","link":"https:\/\/www.multibel.com\/en\/product\/1426-otoscope-luxamed-del-rechargeable-3-7v\/","title":{"rendered":"Luxamed Otoscope LED rechargeable 3.7V"},"content":{"rendered":"<ul>\n<li data-section-id=\"141z7b\" data-start=\"103\" data-end=\"148\">\n<p data-start=\"105\" data-end=\"148\">Compact rechargeable pocket otoscope<\/p>\n<\/li>\n<li data-section-id=\"ezfajp\" data-start=\"149\" data-end=\"206\">\n<p data-start=\"151\" data-end=\"206\">6 LED ring illumination for a clear, unobstructed view<\/p>\n<\/li>\n<li data-section-id=\"1q09vm1\" data-start=\"207\" data-end=\"230\">\n<p data-start=\"209\" data-end=\"230\">Adjustable brightness<\/p>\n<\/li>\n<li data-section-id=\"khvfug\" data-start=\"231\" data-end=\"305\">\n<p data-start=\"233\" data-end=\"305\">Long-life LEDs (up to approx. 100,000 hours), no bulb replacement<\/p>\n<\/li>\n<li data-section-id=\"osazdg\" data-start=\"306\" data-end=\"348\">\n<p data-start=\"308\" data-end=\"348\">Swiveling magnifying lens, 3\u00d7 magnification<\/p>\n<\/li>\n<li data-section-id=\"1mi0r0i\" data-start=\"349\" data-end=\"397\">\n<p data-start=\"351\" data-end=\"397\">Integrated insufflation port for pneumatic testing<\/p>\n<\/li>\n<li data-section-id=\"11uqxim\" data-start=\"398\" data-end=\"451\">\n<p data-start=\"400\" data-end=\"451\">Rechargeable 3.7 V lithium-ion battery (included)<\/p>\n<\/li>\n<\/ul>","protected":false},"excerpt":{"rendered":"<p>Otoscope de poche compact et rechargeable \u00c9clairage par anneau de 6 DEL, champ de vision d\u00e9gag\u00e9 Luminosit\u00e9 r\u00e9glable DEL longue dur\u00e9e (jusqu\u2019\u00e0 env. 100 000 h), sans remplacement d\u2019ampoule Loupe orientable avec grossissement x3 Raccord de ventilation pour test pneumatique Batterie lithium-ion rechargeable 3.7 V (incluse)<\/p>","protected":false},"featured_media":12144,"template":"","meta":{"inline_featured_image":false,"_themeisle_gutenberg_block_has_review":false},"genre":[],"product_cat":[98,99,198],"product_tag":[],"class_list":{"0":"post-12151","1":"product","2":"type-product","3":"status-publish","4":"has-post-thumbnail","6":"product_cat-examen-et-mesure","7":"product_cat-otoscopes","8":"product_cat-tous-les-produits","10":"first","11":"instock","12":"taxable","13":"shipping-taxable","14":"product-type-variable"},"_links":{"self":[{"href":"https:\/\/www.multibel.com\/en\/wp-json\/wp\/v2\/product\/12151","targetHints":{"allow":["GET"]}}],"collection":[{"href":"https:\/\/www.multibel.com\/en\/wp-json\/wp\/v2\/product"}],"about":[{"href":"https:\/\/www.multibel.com\/en\/wp-json\/wp\/v2\/types\/product"}],"version-history":[{"count":4,"href":"https:\/\/www.multibel.com\/en\/wp-json\/wp\/v2\/product\/12151\/revisions"}],"predecessor-version":[{"id":13004,"href":"https:\/\/www.multibel.com\/en\/wp-json\/wp\/v2\/product\/12151\/revisions\/13004"}],"wp:featuredmedia":[{"embeddable":true,"href":"https:\/\/www.multibel.com\/en\/wp-json\/wp\/v2\/media\/12144"}],"wp:attachment":[{"href":"https:\/\/www.multibel.com\/en\/wp-json\/wp\/v2\/media?parent=12151"}],"wp:term":[{"taxonomy":"product_brand","embeddable":true,"href":"https:\/\/www.multibel.com\/en\/wp-json\/wp\/v2\/genre?post=12151"},{"taxonomy":"product_cat","embeddable":true,"href":"https:\/\/www.multibel.com\/en\/wp-json\/wp\/v2\/product_cat?post=12151"},{"taxonomy":"product_tag","embeddable":true,"href":"https:\/\/www.multibel.com\/en\/wp-json\/wp\/v2\/product_tag?post=12151"}],"curies":[{"name":"wp","href":"https:\/\/api.w.org\/{rel}","templated":true}]}}