{"id":12117,"date":"2025-10-08T15:16:26","date_gmt":"2025-10-08T19:16:26","guid":{"rendered":"https:\/\/www.multibel.com\/?post_type=product&#038;p=12117"},"modified":"2026-03-23T21:50:24","modified_gmt":"2026-03-24T01:50:24","slug":"b200-bac-ultrasonique-branson-b-200","status":"publish","type":"product","link":"https:\/\/www.multibel.com\/en\/product\/b200-bac-ultrasonique-branson-b-200\/","title":{"rendered":"Branson B-200 Ultrasonic Cleaner"},"content":{"rendered":"<ul data-start=\"148\" data-end=\"578\">\n<li data-section-id=\"7z6172\" data-start=\"148\" data-end=\"250\">\n<p data-start=\"150\" data-end=\"250\">Ultrasonic unit designed to clean and disinfect critical and non-critical instruments<\/p>\n<\/li>\n<li data-section-id=\"1sxw7jl\" data-start=\"251\" data-end=\"302\">\n<p data-start=\"253\" data-end=\"302\">5-minute automatic cleaning cycle<\/p>\n<\/li>\n<li data-section-id=\"1kvwkwx\" data-start=\"303\" data-end=\"350\">\n<p data-start=\"305\" data-end=\"350\">Auto shut-off for safe operation<\/p>\n<\/li>\n<li data-section-id=\"1wdmckf\" data-start=\"351\" data-end=\"427\">\n<p data-start=\"353\" data-end=\"427\">40 kHz ultrasonic energy for efficient cleaning performance<\/p>\n<\/li>\n<li data-section-id=\"1os2qx8\" data-start=\"428\" data-end=\"473\">\n<p data-start=\"430\" data-end=\"473\">Durable stainless steel tank<\/p>\n<\/li>\n<li data-section-id=\"1vwsjkv\" data-start=\"474\" data-end=\"540\">\n<p data-start=\"476\" data-end=\"540\">Includes a removable plastic basket for instruments<\/p>\n<\/li>\n<li data-section-id=\"7r6a4r\" data-start=\"541\" data-end=\"578\">\n<p data-start=\"543\" data-end=\"578\">Tank capacity: 15 oz<\/p>\n<\/li>\n<li data-section-id=\"7r6a4r\" data-start=\"541\" data-end=\"578\">3-year warranty<\/li>\n<\/ul>\n<p data-start=\"580\" data-end=\"592\">Dimensions<\/p>\n<ul data-start=\"593\" data-end=\"692\">\n<li data-section-id=\"uvlqu6\" data-start=\"593\" data-end=\"646\">\n<p data-start=\"595\" data-end=\"646\">Tank dimensions: 6.5\u201d x 3.5\u201d x 2.25\u201d<\/p>\n<\/li>\n<li data-section-id=\"vsx6pw\" data-start=\"647\" data-end=\"692\">\n<p data-start=\"649\" data-end=\"692\">External dimensions: 8.75\u201d x 4.5\u201d x 5\u201d<\/p>\n<\/li>\n<\/ul>","protected":false},"excerpt":{"rendered":"<p>Appareil \u00e0 ultrasons con\u00e7u pour nettoyer et d\u00e9sinfecter les instruments critiques et non critiques Cycle de nettoyage automatique de 5 minutes Arr\u00eat automatique pour plus de s\u00e9curit\u00e9 G\u00e9n\u00e8re une \u00e9nergie ultrasonique de 40 kHz pour un nettoyage efficace R\u00e9servoir en acier inoxydable durable Comprend un panier plastique amovible pour les instruments Capacit\u00e9 du r\u00e9servoir : [&hellip;]<\/p>\n","protected":false},"featured_media":12921,"template":"","meta":{"inline_featured_image":false,"_themeisle_gutenberg_block_has_review":false},"genre":[],"product_cat":[77,169,198],"product_tag":[],"class_list":{"0":"post-12117","1":"product","2":"type-product","3":"status-publish","4":"has-post-thumbnail","6":"product_cat-aseptisation-et-desinfection","7":"product_cat-controle-des-infections","8":"product_cat-tous-les-produits","10":"first","11":"instock","12":"taxable","13":"shipping-taxable","14":"product-type-simple"},"_links":{"self":[{"href":"https:\/\/www.multibel.com\/en\/wp-json\/wp\/v2\/product\/12117","targetHints":{"allow":["GET"]}}],"collection":[{"href":"https:\/\/www.multibel.com\/en\/wp-json\/wp\/v2\/product"}],"about":[{"href":"https:\/\/www.multibel.com\/en\/wp-json\/wp\/v2\/types\/product"}],"version-history":[{"count":5,"href":"https:\/\/www.multibel.com\/en\/wp-json\/wp\/v2\/product\/12117\/revisions"}],"predecessor-version":[{"id":13007,"href":"https:\/\/www.multibel.com\/en\/wp-json\/wp\/v2\/product\/12117\/revisions\/13007"}],"wp:featuredmedia":[{"embeddable":true,"href":"https:\/\/www.multibel.com\/en\/wp-json\/wp\/v2\/media\/12921"}],"wp:attachment":[{"href":"https:\/\/www.multibel.com\/en\/wp-json\/wp\/v2\/media?parent=12117"}],"wp:term":[{"taxonomy":"product_brand","embeddable":true,"href":"https:\/\/www.multibel.com\/en\/wp-json\/wp\/v2\/genre?post=12117"},{"taxonomy":"product_cat","embeddable":true,"href":"https:\/\/www.multibel.com\/en\/wp-json\/wp\/v2\/product_cat?post=12117"},{"taxonomy":"product_tag","embeddable":true,"href":"https:\/\/www.multibel.com\/en\/wp-json\/wp\/v2\/product_tag?post=12117"}],"curies":[{"name":"wp","href":"https:\/\/api.w.org\/{rel}","templated":true}]}}