{"id":10821,"date":"2024-11-11T11:27:11","date_gmt":"2024-11-11T16:27:11","guid":{"rendered":"https:\/\/www.multibel.com\/?post_type=product&#038;p=10821"},"modified":"2026-03-23T22:38:51","modified_gmt":"2026-03-24T02:38:51","slug":"49000-ensemble-de-meches","status":"publish","type":"product","link":"https:\/\/www.multibel.com\/en\/product\/49000-ensemble-de-meches\/","title":{"rendered":"Bit Kit"},"content":{"rendered":"<p>Included in the kit :<\/p>\n<p>203-005 - Drill bit 0.5 mm<\/p>\n<p>203-006 \u2013Drill bit 0.6 mm<\/p>\n<p>203-007 - Drill bit 0.7 mm<\/p>\n<p>203-008 - Drill bit 0.8 mm<\/p>\n<p>203-009 - Drill bit 0.9 mm<\/p>\n<p>203-010 - Drill bit 1.0 mm<\/p>\n<p>203-011 - Drill bit 1.1 mm<\/p>\n<p>203-012 - Drill bit 1.2 mm<\/p>\n<p>203-013 - Drill bit 1.3 mm<\/p>\n<p>203-014 - Drill bit 1.4 mm<\/p>\n<p>203-015 - Drill bit 1.5 mm<\/p>\n<p>203-016 - Drill bit 1.6 mm<\/p>\n<p>203-017 - Drill bit 1.7 mm<\/p>\n<p>203-018 - Drill bit 1.8 mm<\/p>\n<p>203-021 - Drill bit 2.1 mm<\/p>\n<p>203-023 - Drill bit 2.3 mm<\/p>","protected":false},"excerpt":{"rendered":"<p>Cet ensemble inclut: 203-005 &#8211; M\u00e8che 0.5 mm 203-006 &#8211; M\u00e8che 0.6 mm 203-007 &#8211; M\u00e8che 0.7 mm 203-008 &#8211; M\u00e8che 0.8 mm 203-009 &#8211; M\u00e8che 0.9 mm 203-010 &#8211; M\u00e8che 1.0 mm 203-011 &#8211; M\u00e8che 1.1 mm 203-012 &#8211; M\u00e8che 1.2 mm 203-013 &#8211; M\u00e8che 1.3 mm 203-014 &#8211; M\u00e8che 1.4 mm 203-015 &#8211; [&hellip;]<\/p>\n","protected":false},"featured_media":10995,"template":"","meta":{"inline_featured_image":false,"_themeisle_gutenberg_block_has_review":false},"genre":[],"product_cat":[124,134,198],"product_tag":[],"class_list":{"0":"post-10821","1":"product","2":"type-product","3":"status-publish","4":"has-post-thumbnail","6":"product_cat-reparations-et-modifications","7":"product_cat-meches-et-fraises","8":"product_cat-tous-les-produits","10":"first","11":"instock","12":"taxable","13":"shipping-taxable","14":"product-type-simple"},"_links":{"self":[{"href":"https:\/\/www.multibel.com\/en\/wp-json\/wp\/v2\/product\/10821","targetHints":{"allow":["GET"]}}],"collection":[{"href":"https:\/\/www.multibel.com\/en\/wp-json\/wp\/v2\/product"}],"about":[{"href":"https:\/\/www.multibel.com\/en\/wp-json\/wp\/v2\/types\/product"}],"version-history":[{"count":5,"href":"https:\/\/www.multibel.com\/en\/wp-json\/wp\/v2\/product\/10821\/revisions"}],"predecessor-version":[{"id":13019,"href":"https:\/\/www.multibel.com\/en\/wp-json\/wp\/v2\/product\/10821\/revisions\/13019"}],"wp:featuredmedia":[{"embeddable":true,"href":"https:\/\/www.multibel.com\/en\/wp-json\/wp\/v2\/media\/10995"}],"wp:attachment":[{"href":"https:\/\/www.multibel.com\/en\/wp-json\/wp\/v2\/media?parent=10821"}],"wp:term":[{"taxonomy":"product_brand","embeddable":true,"href":"https:\/\/www.multibel.com\/en\/wp-json\/wp\/v2\/genre?post=10821"},{"taxonomy":"product_cat","embeddable":true,"href":"https:\/\/www.multibel.com\/en\/wp-json\/wp\/v2\/product_cat?post=10821"},{"taxonomy":"product_tag","embeddable":true,"href":"https:\/\/www.multibel.com\/en\/wp-json\/wp\/v2\/product_tag?post=10821"}],"curies":[{"name":"wp","href":"https:\/\/api.w.org\/{rel}","templated":true}]}}