{"id":669,"date":"2021-03-31T06:30:48","date_gmt":"2021-03-31T06:30:48","guid":{"rendered":"https:\/\/d-themes.com\/wordpress\/wolmart\/dummy\/demo-3\/?page_id=669"},"modified":"2025-05-26T10:08:15","modified_gmt":"2025-05-26T14:08:15","slug":"msds","status":"publish","type":"page","link":"https:\/\/www.multibel.com\/en\/msds\/","title":{"rendered":"MSDS"},"content":{"rendered":"<div data-elementor-type=\"wp-page\" data-elementor-id=\"669\" class=\"elementor elementor-669\" data-elementor-post-type=\"page\">\n\t\t\t\t\t\t<section class=\"elementor-section elementor-top-section elementor-element elementor-element-39adeaca elementor-section-boxed elementor-section-height-default elementor-section-height-default\" data-id=\"39adeaca\" data-element_type=\"section\" data-e-type=\"section\">\r\n\t\t\t\t\t\t\t\t\t\t<div class=\"elementor-container elementor-column-gap-default\" >\r\n\t\t\t\t\t\t\t\t\t\t<div class=\"elementor-column elementor-col-100 elementor-top-column elementor-element elementor-element-61b4dab3\" data-id=\"61b4dab3\" data-element_type=\"column\" data-e-type=\"column\">\r\n\t\t\t\r\n\t\t\t<div class=\"elementor-widget-wrap elementor-element-populated\">\r\n\t\t\t\t\t\t\t\t<div class=\"elementor-element elementor-element-ba48b0c elementor-widget elementor-widget-text-editor\" data-id=\"ba48b0c\" data-element_type=\"widget\" data-e-type=\"widget\" data-widget_type=\"text-editor.default\">\n\t\t\t\t<div class=\"elementor-widget-container\">\n\t\t\t\t\t\t\t\t\t<p>Download the safety data sheets for more information on the properties and use of our products.<\/p><p><a href=\"https:\/\/www.multibel.com\/wp-content\/uploads\/2025\/05\/msds-inser-multibel-2025.pdf\">INSERPRO MSDS - PDF<\/a><\/p><p><a href=\"https:\/\/www.multibel.com\/wp-content\/uploads\/2025\/02\/msds-intra-anglais.pdf\" target=\"_blank\" rel=\"noopener\">INTRAPRO MSDS - PDF<\/a><\/p><p><a href=\"https:\/\/www.multibel.com\/wp-content\/uploads\/2025\/02\/msds-servi-anglais.pdf\" target=\"_blank\" rel=\"noopener\">SERVIPRO - MSDS - PDF<\/a><\/p><p><a href=\"https:\/\/www.multibel.com\/wp-content\/uploads\/2022\/05\/Protec_Pastilles.pdf\" target=\"_blank\" rel=\"noopener\">PROTECPRO Tablets MSDS - PDF<\/a><\/p><p><a href=\"https:\/\/www.multibel.com\/en\/img\/cms\/MSDS\/Protec_Plus.pdf\/\" target=\"_blank\" rel=\"noopener\">PROTECPRO Plus MSDS - PDF<\/a><\/p><p><a href=\"https:\/\/www.multibel.com\/wp-content\/uploads\/2025\/05\/msds-vapo-mutibel-2025.pdf\">VAPOPRO MSDS - PDF<\/a><\/p><p><a href=\"https:\/\/www.multibel.com\/wp-content\/uploads\/2025\/05\/msds-sensi-multibel-2025.pdf\">SENSIPRO MSDS - PDF<\/a><\/p><p><a href=\"https:\/\/www.multibel.com\/wp-content\/uploads\/2025\/02\/3198-super-sanicloth-msds.pdf\" target=\"_blank\" rel=\"noopener\">3198 - Super Sani-Cloth MSDS - PDF<\/a><\/p><p><a href=\"https:\/\/www.multibel.com\/wp-content\/uploads\/2025\/02\/msds-102g.pdf\">102G - Tubing cement, acrylic, light MSDS - PDF<\/a><\/p><p><a href=\"https:\/\/www.multibel.com\/wp-content\/uploads\/2025\/02\/msds-2605-dreve-otoform-ak-blanc.pdf\">2605 - Impression material Otoform AK white MSDS - PDF<\/a><\/p><p><a href=\"https:\/\/www.multibel.com\/wp-content\/uploads\/2025\/02\/msds-2605-dreve-otoform-ak-vert.pdf\">2605 - Impression material Otoform AK green MSDS - PDF<\/a><\/p><p><a href=\"https:\/\/www.multibel.com\/wp-content\/uploads\/2022\/08\/MSDS-5192-Decon-Quat.pdf\" target=\"_blank\" rel=\"noopener\">5192 - Decon-Quat Concentrated Disinfectant Cleaner MSDS - PDF<\/a><\/p><p><a href=\"https:\/\/www.multibel.com\/wp-content\/uploads\/2025\/04\/2704-403-colle-loctite-403.pdf\">2704-403 - Loctite Glue 403 MSDS - PDF<\/a><\/p><p><a href=\"https:\/\/www.multibel.com\/wp-content\/uploads\/2025\/04\/2704-460-colle-loctite-460.pdf\">2704-460 - Loctite Glue 460 MSDS - PDF<\/a><\/p><p><a href=\"https:\/\/www.multibel.com\/wp-content\/uploads\/2025\/04\/2705-accelerateur-loctite-7452.pdf\">2705 - Loctite Accelerator 7452 MSDS - PDF<\/a><\/p>\t\t\t\t\t\t\t\t<\/div>\n\t\t\t\t<\/div>\n\t\t\t\t\t<\/div>\r\n\t\t\t\r\n\t\t<\/div>\r\n\t\t\t\t\t\t\t\t\t\t\t\t\t\t\t<\/div>\r\n\t\t\t\t\t\t\t<\/section>\r\n\t\t\t\t<\/div>","protected":false},"excerpt":{"rendered":"<p>T\u00e9l\u00e9chargez les fiches de donn\u00e9es de s\u00e9curit\u00e9 pour obtenir plus d&rsquo;informations sur les propri\u00e9t\u00e9s et l&rsquo;utilisation de nos produits. INSERPRO MSDS- Voir le PDF INTRAPRO MSDS &#8211; Voir le PDF SERVIPRO MSDS &#8211; Voir le PDF PROTECPRO Pastilles MSDS &#8211; Voir le PDF PROTECPRO Plus MSDS &#8211; Voir le PDF VAPOPRO MSDS &#8211; Voir le [&hellip;]<\/p>\n","protected":false},"author":1,"featured_media":0,"parent":0,"menu_order":0,"comment_status":"closed","ping_status":"closed","template":"","meta":{"inline_featured_image":false,"_themeisle_gutenberg_block_has_review":false,"footnotes":""},"class_list":["post-669","page","type-page","status-publish","hentry"],"_links":{"self":[{"href":"https:\/\/www.multibel.com\/en\/wp-json\/wp\/v2\/pages\/669","targetHints":{"allow":["GET"]}}],"collection":[{"href":"https:\/\/www.multibel.com\/en\/wp-json\/wp\/v2\/pages"}],"about":[{"href":"https:\/\/www.multibel.com\/en\/wp-json\/wp\/v2\/types\/page"}],"author":[{"embeddable":true,"href":"https:\/\/www.multibel.com\/en\/wp-json\/wp\/v2\/users\/1"}],"replies":[{"embeddable":true,"href":"https:\/\/www.multibel.com\/en\/wp-json\/wp\/v2\/comments?post=669"}],"version-history":[{"count":24,"href":"https:\/\/www.multibel.com\/en\/wp-json\/wp\/v2\/pages\/669\/revisions"}],"predecessor-version":[{"id":11689,"href":"https:\/\/www.multibel.com\/en\/wp-json\/wp\/v2\/pages\/669\/revisions\/11689"}],"wp:attachment":[{"href":"https:\/\/www.multibel.com\/en\/wp-json\/wp\/v2\/media?parent=669"}],"curies":[{"name":"wp","href":"https:\/\/api.w.org\/{rel}","templated":true}]}}