{"id":4219,"date":"2021-04-02T22:20:54","date_gmt":"2021-04-02T22:20:54","guid":{"rendered":"https:\/\/multibel.com\/?page_id=4219"},"modified":"2022-06-21T18:38:20","modified_gmt":"2022-06-21T18:38:20","slug":"rejoignez-notre-equipe","status":"publish","type":"page","link":"https:\/\/www.multibel.com\/en\/rejoignez-notre-equipe\/","title":{"rendered":"Join our team"},"content":{"rendered":"<div data-elementor-type=\"wp-page\" data-elementor-id=\"4219\" class=\"elementor elementor-4219\" data-elementor-post-type=\"page\">\n\t\t\t\t\t\t<section class=\"elementor-section elementor-top-section elementor-element elementor-element-8a52b9a elementor-section-boxed elementor-section-height-default elementor-section-height-default\" data-id=\"8a52b9a\" data-element_type=\"section\" data-e-type=\"section\">\r\n\t\t\t\t\t\t\t\t\t\t<div class=\"elementor-container elementor-column-gap-default\" >\r\n\t\t\t\t\t\t\t\t\t\t<div class=\"elementor-column elementor-col-100 elementor-top-column elementor-element elementor-element-4a76595\" data-id=\"4a76595\" data-element_type=\"column\" data-e-type=\"column\">\r\n\t\t\t\r\n\t\t\t<div class=\"elementor-widget-wrap elementor-element-populated\">\r\n\t\t\t\t\t\t\t\t<div class=\"elementor-element elementor-element-52b7f52 mt-10 elementor-widget elementor-widget-heading\" data-id=\"52b7f52\" data-element_type=\"widget\" data-e-type=\"widget\" data-widget_type=\"heading.default\">\n\t\t\t\t<div class=\"elementor-widget-container\">\n\t\t\t\t\t<h2 class=\"elementor-heading-title elementor-size-default\">Join our team<\/h2>\t\t\t\t<\/div>\n\t\t\t\t<\/div>\n\t\t\t\t<div class=\"elementor-element elementor-element-cf5343c elementor-widget elementor-widget-text-editor\" data-id=\"cf5343c\" data-element_type=\"widget\" data-e-type=\"widget\" data-widget_type=\"text-editor.default\">\n\t\t\t\t<div class=\"elementor-widget-container\">\n\t\t\t\t\t\t\t\t\t<p>Are you a hearing care professional looking for a new challenge? Multibel Distribution Inc. is constantly looking for new representatives who are knowledgeable in hearing aid products.<\/p>\t\t\t\t\t\t\t\t<\/div>\n\t\t\t\t<\/div>\n\t\t\t\t<div class=\"elementor-element elementor-element-8bffaad elementor-widget elementor-widget-image\" data-id=\"8bffaad\" data-element_type=\"widget\" data-e-type=\"widget\" data-widget_type=\"image.default\">\n\t\t\t\t<div class=\"elementor-widget-container\">\n\t\t\t\t\t\t\t\t\t\t\t\t\t\t\t<img fetchpriority=\"high\" decoding=\"async\" width=\"948\" height=\"381\" src=\"https:\/\/www.multibel.com\/wp-content\/uploads\/2022\/05\/career-group-image.png\" class=\"attachment-large size-large wp-image-4249\" alt=\"\" srcset=\"https:\/\/www.multibel.com\/wp-content\/uploads\/2022\/05\/career-group-image.png 948w, https:\/\/www.multibel.com\/wp-content\/uploads\/2022\/05\/career-group-image-600x241.png 600w, https:\/\/www.multibel.com\/wp-content\/uploads\/2022\/05\/career-group-image-768x309.png 768w\" sizes=\"(max-width: 948px) 100vw, 948px\" \/>\t\t\t\t\t\t\t\t\t\t\t\t\t\t\t<\/div>\n\t\t\t\t<\/div>\n\t\t\t\t\t<\/div>\r\n\t\t\t\r\n\t\t<\/div>\r\n\t\t\t\t\t\t\t\t\t\t\t\t\t\t\t<\/div>\r\n\t\t\t\t\t\t\t<\/section>\r\n\t\t\t\t<section class=\"elementor-section elementor-top-section elementor-element elementor-element-c9d8c2e elementor-section-boxed elementor-section-height-default elementor-section-height-default\" data-id=\"c9d8c2e\" data-element_type=\"section\" data-e-type=\"section\">\r\n\t\t\t\t\t\t\t\t\t\t<div class=\"elementor-container elementor-column-gap-default\" >\r\n\t\t\t\t\t\t\t\t\t\t<div class=\"elementor-column elementor-col-100 elementor-top-column elementor-element elementor-element-6944eb1\" data-id=\"6944eb1\" data-element_type=\"column\" data-e-type=\"column\" data-settings=\"{&quot;background_background&quot;:&quot;classic&quot;}\">\r\n\t\t\t\r\n\t\t\t<div class=\"elementor-widget-wrap elementor-element-populated\">\r\n\t\t\t\t\t\t\t\t<div class=\"elementor-element elementor-element-2e403fe elementor-widget elementor-widget-heading\" data-id=\"2e403fe\" data-element_type=\"widget\" data-e-type=\"widget\" data-widget_type=\"heading.default\">\n\t\t\t\t<div class=\"elementor-widget-container\">\n\t\t\t\t\t<h2 class=\"elementor-heading-title elementor-size-default\">Do you qualify as a representative:<\/h2>\t\t\t\t<\/div>\n\t\t\t\t<\/div>\n\t\t\t\t<div class=\"elementor-element elementor-element-f4360f2 elementor-widget elementor-widget-text-editor\" data-id=\"f4360f2\" data-element_type=\"widget\" data-e-type=\"widget\" data-widget_type=\"text-editor.default\">\n\t\t\t\t<div class=\"elementor-widget-container\">\n\t\t\t\t\t\t\t\t\t<p>You have interpersonal, entrepreneurial and communication skills, and are able to deliver a memorable customer experience with every financial product sale.<br \/>You have empathy, compassion and the ability to bring integrity to every sale - great care for each of our customers!<br \/>You have experience working in a goal-oriented retail environment and a focus on customer service is an excellent asset.<br \/>You know the products used by hearing care professionals.<\/p>\t\t\t\t\t\t\t\t<\/div>\n\t\t\t\t<\/div>\n\t\t\t\t\t<\/div>\r\n\t\t\t\r\n\t\t<\/div>\r\n\t\t\t\t\t\t\t\t\t\t\t\t\t\t\t<\/div>\r\n\t\t\t\t\t\t\t<\/section>\r\n\t\t\t\t<section class=\"elementor-section elementor-top-section elementor-element elementor-element-0bbd78e elementor-section-boxed elementor-section-height-default elementor-section-height-default\" data-id=\"0bbd78e\" data-element_type=\"section\" data-e-type=\"section\">\r\n\t\t\t\t\t\t\t\t\t\t<div class=\"elementor-container elementor-column-gap-default\" >\r\n\t\t\t\t\t\t\t\t\t\t<div class=\"elementor-column elementor-col-100 elementor-top-column elementor-element elementor-element-eedd6fc\" data-id=\"eedd6fc\" data-element_type=\"column\" data-e-type=\"column\">\r\n\t\t\t\r\n\t\t\t<div class=\"elementor-widget-wrap elementor-element-populated\">\r\n\t\t\t\t\t\t\t\t<div class=\"elementor-element elementor-element-80bf47c elementor-widget elementor-widget-text-editor\" data-id=\"80bf47c\" data-element_type=\"widget\" data-e-type=\"widget\" data-widget_type=\"text-editor.default\">\n\t\t\t\t<div class=\"elementor-widget-container\">\n\t\t\t\t\t\t\t\t\t<p>If this profile corresponds to you, we invite you to send us your resume to the following e-mail address:<\/p>\t\t\t\t\t\t\t\t<\/div>\n\t\t\t\t<\/div>\n\t\t\t\t<div class=\"elementor-element elementor-element-3751bd5 elementor-widget elementor-widget-wolmart_widget_button\" data-id=\"3751bd5\" data-element_type=\"widget\" data-e-type=\"widget\" data-widget_type=\"wolmart_widget_button.default\">\n\t\t\t\t<div class=\"elementor-widget-container\">\n\t\t\t\t\t<a class=\"btn btn-block btn-primary\" href=\"mailto:order@multibel.com\" >commande@multibel.com<\/a>\t\t\t\t<\/div>\n\t\t\t\t<\/div>\n\t\t\t\t\t<\/div>\r\n\t\t\t\r\n\t\t<\/div>\r\n\t\t\t\t\t\t\t\t\t\t\t\t\t\t\t<\/div>\r\n\t\t\t\t\t\t\t<\/section>\r\n\t\t\t\t<\/div>","protected":false},"excerpt":{"rendered":"<p>Rejoignez notre \u00e9quipe \u00cates-vous un audioproth\u00e9siste \u00e0 la recherche d&rsquo;un nouveau d\u00e9fi ? Multibel Distribution Inc. est constamment \u00e0 la recherche de nouveaux repr\u00e9sentants qui ont des connaissances en mati\u00e8re de produits d&rsquo;aide auditive. Avez-vous la qualit\u00e9 d&rsquo;un repr\u00e9sentant : Vous avez de l&rsquo;entregent, de l&rsquo;esprit d&rsquo;entreprise et une bonne communication, et vous \u00eates capable [&hellip;]<\/p>\n","protected":false},"author":1,"featured_media":0,"parent":0,"menu_order":20,"comment_status":"closed","ping_status":"closed","template":"","meta":{"inline_featured_image":false,"_themeisle_gutenberg_block_has_review":false,"footnotes":""},"class_list":["post-4219","page","type-page","status-publish","hentry"],"_links":{"self":[{"href":"https:\/\/www.multibel.com\/en\/wp-json\/wp\/v2\/pages\/4219","targetHints":{"allow":["GET"]}}],"collection":[{"href":"https:\/\/www.multibel.com\/en\/wp-json\/wp\/v2\/pages"}],"about":[{"href":"https:\/\/www.multibel.com\/en\/wp-json\/wp\/v2\/types\/page"}],"author":[{"embeddable":true,"href":"https:\/\/www.multibel.com\/en\/wp-json\/wp\/v2\/users\/1"}],"replies":[{"embeddable":true,"href":"https:\/\/www.multibel.com\/en\/wp-json\/wp\/v2\/comments?post=4219"}],"version-history":[{"count":0,"href":"https:\/\/www.multibel.com\/en\/wp-json\/wp\/v2\/pages\/4219\/revisions"}],"wp:attachment":[{"href":"https:\/\/www.multibel.com\/en\/wp-json\/wp\/v2\/media?parent=4219"}],"curies":[{"name":"wp","href":"https:\/\/api.w.org\/{rel}","templated":true}]}}