{"id":4181,"date":"2021-04-02T22:20:54","date_gmt":"2021-04-02T22:20:54","guid":{"rendered":"https:\/\/multibel.com\/?page_id=4181"},"modified":"2026-03-06T13:59:15","modified_gmt":"2026-03-06T18:59:15","slug":"notre-equipe","status":"publish","type":"page","link":"https:\/\/www.multibel.com\/en\/notre-equipe\/","title":{"rendered":"Our team"},"content":{"rendered":"<div data-elementor-type=\"wp-page\" data-elementor-id=\"4181\" class=\"elementor elementor-4181\" data-elementor-post-type=\"page\">\n\t\t\t\t\t\t<section class=\"elementor-section elementor-top-section elementor-element elementor-element-8a52b9a elementor-section-boxed elementor-section-height-default elementor-section-height-default\" data-id=\"8a52b9a\" data-element_type=\"section\" data-e-type=\"section\">\r\n\t\t\t\t\t\t\t\t\t\t<div class=\"elementor-container elementor-column-gap-default\" >\r\n\t\t\t\t\t\t\t\t\t\t<div class=\"elementor-column elementor-col-100 elementor-top-column elementor-element elementor-element-4a76595\" data-id=\"4a76595\" data-element_type=\"column\" data-e-type=\"column\">\r\n\t\t\t\r\n\t\t\t<div class=\"elementor-widget-wrap elementor-element-populated\">\r\n\t\t\t\t\t\t\t\t<div class=\"elementor-element elementor-element-52b7f52 mt-10 elementor-widget elementor-widget-heading\" data-id=\"52b7f52\" data-element_type=\"widget\" data-e-type=\"widget\" data-widget_type=\"heading.default\">\n\t\t\t\t<div class=\"elementor-widget-container\">\n\t\t\t\t\t<h2 class=\"elementor-heading-title elementor-size-default\">OUR TEAM<\/h2>\t\t\t\t<\/div>\n\t\t\t\t<\/div>\n\t\t\t\t<div class=\"elementor-element elementor-element-a6c80f9 ml-auto mr-auto max-565 elementor-widget__width-initial elementor-widget elementor-widget-heading\" data-id=\"a6c80f9\" data-element_type=\"widget\" data-e-type=\"widget\" data-widget_type=\"heading.default\">\n\t\t\t\t<div class=\"elementor-widget-container\">\n\t\t\t\t\t<p class=\"elementor-heading-title elementor-size-default\">Une \u00e9quipe engag\u00e9e \u00e0 offrir un service rapide, efficace et attentionn\u00e9 aux cliniques auditives!<\/p>\t\t\t\t<\/div>\n\t\t\t\t<\/div>\n\t\t\t\t\t<\/div>\r\n\t\t\t\r\n\t\t<\/div>\r\n\t\t\t\t\t\t\t\t\t\t\t\t\t\t\t<\/div>\r\n\t\t\t\t\t\t\t<\/section>\r\n\t\t\t\t<section class=\"elementor-section elementor-top-section elementor-element elementor-element-3c7f1d2 elementor-section-boxed elementor-section-height-default elementor-section-height-default\" data-id=\"3c7f1d2\" data-element_type=\"section\" data-e-type=\"section\">\r\n\t\t\t\t\t\t\t\t\t\t<div class=\"elementor-container elementor-column-gap-no\" >\r\n\t\t\t\t\t\t\t\t\t\t<div class=\"elementor-column elementor-col-33 elementor-top-column elementor-element elementor-element-cda1bc0\" data-id=\"cda1bc0\" data-element_type=\"column\" data-e-type=\"column\">\r\n\t\t\t\r\n\t\t\t<div class=\"elementor-widget-wrap elementor-element-populated\">\r\n\t\t\t\t\t\t\t\t<div class=\"elementor-element elementor-element-6333e2f elementor-position-top elementor-widget elementor-widget-image-box\" data-id=\"6333e2f\" data-element_type=\"widget\" data-e-type=\"widget\" data-widget_type=\"image-box.default\">\n\t\t\t\t<div class=\"elementor-widget-container\">\n\t\t\t\t\t<div class=\"elementor-image-box-wrapper\"><figure class=\"elementor-image-box-img\"><img decoding=\"async\" width=\"191\" height=\"242\" src=\"https:\/\/www.multibel.com\/wp-content\/uploads\/2022\/05\/Richard-Reid.jpeg\" class=\"attachment-full size-full wp-image-4183\" alt=\"\" \/><\/figure><div class=\"elementor-image-box-content\"><h3 class=\"elementor-image-box-title\">RICHARD REID<\/h3><p class=\"elementor-image-box-description\">CONSULTANT<\/p><\/div><\/div>\t\t\t\t<\/div>\n\t\t\t\t<\/div>\n\t\t\t\t\t<\/div>\r\n\t\t\t\r\n\t\t<\/div>\r\n\t\t\t\t<div class=\"elementor-column elementor-col-33 elementor-top-column elementor-element elementor-element-af81c49\" data-id=\"af81c49\" data-element_type=\"column\" data-e-type=\"column\">\r\n\t\t\t\r\n\t\t\t<div class=\"elementor-widget-wrap elementor-element-populated\">\r\n\t\t\t\t\t\t\t\t<div class=\"elementor-element elementor-element-d1e769c elementor-position-top elementor-widget elementor-widget-image-box\" data-id=\"d1e769c\" data-element_type=\"widget\" data-e-type=\"widget\" data-widget_type=\"image-box.default\">\n\t\t\t\t<div class=\"elementor-widget-container\">\n\t\t\t\t\t<div class=\"elementor-image-box-wrapper\"><figure class=\"elementor-image-box-img\"><img decoding=\"async\" width=\"191\" height=\"242\" src=\"https:\/\/www.multibel.com\/wp-content\/uploads\/2022\/05\/Monique-Jones.jpeg\" class=\"attachment-full size-full wp-image-4184\" alt=\"\" \/><\/figure><div class=\"elementor-image-box-content\"><h3 class=\"elementor-image-box-title\">MONIQUE JONES<\/h3><p class=\"elementor-image-box-description\">CO-PROPRI\u00c9TAIRE<\/p><\/div><\/div>\t\t\t\t<\/div>\n\t\t\t\t<\/div>\n\t\t\t\t\t<\/div>\r\n\t\t\t\r\n\t\t<\/div>\r\n\t\t\t\t<div class=\"elementor-column elementor-col-33 elementor-top-column elementor-element elementor-element-97afa77\" data-id=\"97afa77\" data-element_type=\"column\" data-e-type=\"column\">\r\n\t\t\t\r\n\t\t\t<div class=\"elementor-widget-wrap elementor-element-populated\">\r\n\t\t\t\t\t\t\t\t<div class=\"elementor-element elementor-element-11c30a5 elementor-position-top elementor-widget elementor-widget-image-box\" data-id=\"11c30a5\" data-element_type=\"widget\" data-e-type=\"widget\" data-widget_type=\"image-box.default\">\n\t\t\t\t<div class=\"elementor-widget-container\">\n\t\t\t\t\t<div class=\"elementor-image-box-wrapper\"><figure class=\"elementor-image-box-img\"><img decoding=\"async\" width=\"191\" height=\"242\" src=\"https:\/\/www.multibel.com\/wp-content\/uploads\/2022\/05\/Raymond-Dunberry.jpeg\" class=\"attachment-full size-full wp-image-4185\" alt=\"\" \/><\/figure><div class=\"elementor-image-box-content\"><h3 class=\"elementor-image-box-title\">RAYMOND DUNBERRY<\/h3><p class=\"elementor-image-box-description\">CO-PROPRI\u00c9TAIRE<\/p><\/div><\/div>\t\t\t\t<\/div>\n\t\t\t\t<\/div>\n\t\t\t\t\t<\/div>\r\n\t\t\t\r\n\t\t<\/div>\r\n\t\t\t\t\t\t\t\t\t\t\t\t\t\t\t<\/div>\r\n\t\t\t\t\t\t\t<\/section>\r\n\t\t\t\t<section class=\"elementor-section elementor-top-section elementor-element elementor-element-d7f29ee elementor-section-boxed elementor-section-height-default elementor-section-height-default\" data-id=\"d7f29ee\" data-element_type=\"section\" data-e-type=\"section\">\r\n\t\t\t\t\t\t\t\t\t\t<div class=\"elementor-container elementor-column-gap-default\" >\r\n\t\t\t\t\t\t\t\t\t\t<div class=\"elementor-column elementor-col-33 elementor-top-column elementor-element elementor-element-4fe5e13\" data-id=\"4fe5e13\" data-element_type=\"column\" data-e-type=\"column\">\r\n\t\t\t\r\n\t\t\t<div class=\"elementor-widget-wrap elementor-element-populated\">\r\n\t\t\t\t\t\t\t\t<div class=\"elementor-element elementor-element-8ac2fe1 elementor-position-top elementor-widget elementor-widget-image-box\" data-id=\"8ac2fe1\" data-element_type=\"widget\" data-e-type=\"widget\" data-widget_type=\"image-box.default\">\n\t\t\t\t<div class=\"elementor-widget-container\">\n\t\t\t\t\t<div class=\"elementor-image-box-wrapper\"><figure class=\"elementor-image-box-img\"><img loading=\"lazy\" decoding=\"async\" width=\"191\" height=\"242\" src=\"https:\/\/www.multibel.com\/wp-content\/uploads\/2022\/05\/Philippe-Dunberry.jpeg\" class=\"attachment-full size-full wp-image-4186\" alt=\"\" \/><\/figure><div class=\"elementor-image-box-content\"><h3 class=\"elementor-image-box-title\">PHILIPPE DUNBERRY<\/h3><p class=\"elementor-image-box-description\">DIRECTEUR G\u00c9N\u00c9RAL<\/p><\/div><\/div>\t\t\t\t<\/div>\n\t\t\t\t<\/div>\n\t\t\t\t\t<\/div>\r\n\t\t\t\r\n\t\t<\/div>\r\n\t\t\t\t<div class=\"elementor-column elementor-col-33 elementor-top-column elementor-element elementor-element-a2bd2ed\" data-id=\"a2bd2ed\" data-element_type=\"column\" data-e-type=\"column\">\r\n\t\t\t\r\n\t\t\t<div class=\"elementor-widget-wrap elementor-element-populated\">\r\n\t\t\t\t\t\t\t\t<div class=\"elementor-element elementor-element-54639cd elementor-position-top elementor-widget elementor-widget-image-box\" data-id=\"54639cd\" data-element_type=\"widget\" data-e-type=\"widget\" data-widget_type=\"image-box.default\">\n\t\t\t\t<div class=\"elementor-widget-container\">\n\t\t\t\t\t<div class=\"elementor-image-box-wrapper\"><figure class=\"elementor-image-box-img\"><img loading=\"lazy\" decoding=\"async\" width=\"191\" height=\"242\" src=\"https:\/\/www.multibel.com\/wp-content\/uploads\/2022\/05\/Tiffany-Gregoire.jpeg\" class=\"attachment-full size-full wp-image-4187\" alt=\"\" \/><\/figure><div class=\"elementor-image-box-content\"><h3 class=\"elementor-image-box-title\">TIFFANY GR\u00c9GOIRE<\/h3><p class=\"elementor-image-box-description\">DIRECTRICE VENTES ET OP\u00c9RATIONS<\/p><\/div><\/div>\t\t\t\t<\/div>\n\t\t\t\t<\/div>\n\t\t\t\t\t<\/div>\r\n\t\t\t\r\n\t\t<\/div>\r\n\t\t\t\t<div class=\"elementor-column elementor-col-33 elementor-top-column elementor-element elementor-element-2364d3b\" data-id=\"2364d3b\" data-element_type=\"column\" data-e-type=\"column\">\r\n\t\t\t\r\n\t\t\t<div class=\"elementor-widget-wrap elementor-element-populated\">\r\n\t\t\t\t\t\t\t\t<div class=\"elementor-element elementor-element-7128656 elementor-position-top elementor-widget elementor-widget-image-box\" data-id=\"7128656\" data-element_type=\"widget\" data-e-type=\"widget\" data-widget_type=\"image-box.default\">\n\t\t\t\t<div class=\"elementor-widget-container\">\n\t\t\t\t\t<div class=\"elementor-image-box-wrapper\"><figure class=\"elementor-image-box-img\"><img loading=\"lazy\" decoding=\"async\" width=\"191\" height=\"242\" src=\"https:\/\/www.multibel.com\/wp-content\/uploads\/2022\/05\/Sophie-Baribeau.jpeg\" class=\"attachment-full size-full wp-image-4188\" alt=\"\" \/><\/figure><div class=\"elementor-image-box-content\"><h3 class=\"elementor-image-box-title\">SOPHIE BARIBEAU<\/h3><p class=\"elementor-image-box-description\">WAREHOUSE SUPERVISOR<\/p><\/div><\/div>\t\t\t\t<\/div>\n\t\t\t\t<\/div>\n\t\t\t\t\t<\/div>\r\n\t\t\t\r\n\t\t<\/div>\r\n\t\t\t\t\t\t\t\t\t\t\t\t\t\t\t<\/div>\r\n\t\t\t\t\t\t\t<\/section>\r\n\t\t\t\t<section class=\"elementor-section elementor-top-section elementor-element elementor-element-69c6097 elementor-section-boxed elementor-section-height-default elementor-section-height-default\" data-id=\"69c6097\" data-element_type=\"section\" data-e-type=\"section\">\r\n\t\t\t\t\t\t\t\t\t\t<div class=\"elementor-container elementor-column-gap-no\" >\r\n\t\t\t\t\t\t\t\t\t\t<div class=\"elementor-column elementor-col-33 elementor-top-column elementor-element elementor-element-a69c6dd\" data-id=\"a69c6dd\" data-element_type=\"column\" data-e-type=\"column\">\r\n\t\t\t\r\n\t\t\t<div class=\"elementor-widget-wrap elementor-element-populated\">\r\n\t\t\t\t\t\t\t\t<div class=\"elementor-element elementor-element-c750236 elementor-position-top elementor-widget elementor-widget-image-box\" data-id=\"c750236\" data-element_type=\"widget\" data-e-type=\"widget\" data-widget_type=\"image-box.default\">\n\t\t\t\t<div class=\"elementor-widget-container\">\n\t\t\t\t\t<div class=\"elementor-image-box-wrapper\"><figure class=\"elementor-image-box-img\"><img loading=\"lazy\" decoding=\"async\" width=\"191\" height=\"242\" src=\"https:\/\/www.multibel.com\/wp-content\/uploads\/2022\/05\/VILAY.jpeg\" class=\"attachment-full size-full wp-image-4190\" alt=\"\" \/><\/figure><div class=\"elementor-image-box-content\"><h3 class=\"elementor-image-box-title\">VILAY<\/h3><p class=\"elementor-image-box-description\">SHIPPING<\/p><\/div><\/div>\t\t\t\t<\/div>\n\t\t\t\t<\/div>\n\t\t\t\t\t<\/div>\r\n\t\t\t\r\n\t\t<\/div>\r\n\t\t\t\t<div class=\"elementor-column elementor-col-33 elementor-top-column elementor-element elementor-element-958218d\" data-id=\"958218d\" data-element_type=\"column\" data-e-type=\"column\">\r\n\t\t\t\r\n\t\t\t<div class=\"elementor-widget-wrap elementor-element-populated\">\r\n\t\t\t\t\t\t\t\t<div class=\"elementor-element elementor-element-627dcd2 elementor-position-top elementor-widget elementor-widget-image-box\" data-id=\"627dcd2\" data-element_type=\"widget\" data-e-type=\"widget\" data-widget_type=\"image-box.default\">\n\t\t\t\t<div class=\"elementor-widget-container\">\n\t\t\t\t\t<div class=\"elementor-image-box-wrapper\"><figure class=\"elementor-image-box-img\"><img loading=\"lazy\" decoding=\"async\" width=\"191\" height=\"242\" src=\"https:\/\/www.multibel.com\/wp-content\/uploads\/2022\/05\/NELSON.jpeg\" class=\"attachment-full size-full wp-image-4191\" alt=\"\" \/><\/figure><div class=\"elementor-image-box-content\"><h3 class=\"elementor-image-box-title\">NELSON<\/h3><p class=\"elementor-image-box-description\">SHIPPING<\/p><\/div><\/div>\t\t\t\t<\/div>\n\t\t\t\t<\/div>\n\t\t\t\t\t<\/div>\r\n\t\t\t\r\n\t\t<\/div>\r\n\t\t\t\t<div class=\"elementor-column elementor-col-33 elementor-top-column elementor-element elementor-element-3225b87\" data-id=\"3225b87\" data-element_type=\"column\" data-e-type=\"column\">\r\n\t\t\t\r\n\t\t\t<div class=\"elementor-widget-wrap elementor-element-populated\">\r\n\t\t\t\t\t\t\t\t<div class=\"elementor-element elementor-element-9cb401f elementor-position-top elementor-widget elementor-widget-image-box\" data-id=\"9cb401f\" data-element_type=\"widget\" data-e-type=\"widget\" data-widget_type=\"image-box.default\">\n\t\t\t\t<div class=\"elementor-widget-container\">\n\t\t\t\t\t<div class=\"elementor-image-box-wrapper\"><figure class=\"elementor-image-box-img\"><img loading=\"lazy\" decoding=\"async\" width=\"191\" height=\"242\" src=\"https:\/\/www.multibel.com\/wp-content\/uploads\/2022\/05\/PAULINA.jpeg\" class=\"attachment-full size-full wp-image-4192\" alt=\"\" \/><\/figure><div class=\"elementor-image-box-content\"><h3 class=\"elementor-image-box-title\">PAULINA<\/h3><p class=\"elementor-image-box-description\">SHIPPING<\/p><\/div><\/div>\t\t\t\t<\/div>\n\t\t\t\t<\/div>\n\t\t\t\t\t<\/div>\r\n\t\t\t\r\n\t\t<\/div>\r\n\t\t\t\t\t\t\t\t\t\t\t\t\t\t\t<\/div>\r\n\t\t\t\t\t\t\t<\/section>\r\n\t\t\t\t<section class=\"elementor-section elementor-top-section elementor-element elementor-element-3373235 elementor-section-boxed elementor-section-height-default elementor-section-height-default\" data-id=\"3373235\" data-element_type=\"section\" data-e-type=\"section\">\r\n\t\t\t\t\t\t\t\t\t\t<div class=\"elementor-container elementor-column-gap-default\" >\r\n\t\t\t\t\t\t\t\t\t\t<div class=\"elementor-column elementor-col-33 elementor-top-column elementor-element elementor-element-fd66350\" data-id=\"fd66350\" data-element_type=\"column\" data-e-type=\"column\">\r\n\t\t\t\r\n\t\t\t<div class=\"elementor-widget-wrap elementor-element-populated\">\r\n\t\t\t\t\t\t\t\t<div class=\"elementor-element elementor-element-74cff97 elementor-widget__width-initial elementor-position-top elementor-widget elementor-widget-image-box\" data-id=\"74cff97\" data-element_type=\"widget\" data-e-type=\"widget\" data-widget_type=\"image-box.default\">\n\t\t\t\t<div class=\"elementor-widget-container\">\n\t\t\t\t\t<div class=\"elementor-image-box-wrapper\"><figure class=\"elementor-image-box-img\"><img loading=\"lazy\" decoding=\"async\" width=\"191\" height=\"242\" src=\"https:\/\/www.multibel.com\/wp-content\/uploads\/2022\/08\/evgenia.png\" class=\"attachment-full size-full wp-image-8115\" alt=\"\" \/><\/figure><div class=\"elementor-image-box-content\"><h3 class=\"elementor-image-box-title\">EVGENIA KOZYCK<\/h3><p class=\"elementor-image-box-description\">ACCOUNTANT<\/p><\/div><\/div>\t\t\t\t<\/div>\n\t\t\t\t<\/div>\n\t\t\t\t\t<\/div>\r\n\t\t\t\r\n\t\t<\/div>\r\n\t\t\t\t<div class=\"elementor-column elementor-col-33 elementor-top-column elementor-element elementor-element-36b8277\" data-id=\"36b8277\" data-element_type=\"column\" data-e-type=\"column\">\r\n\t\t\t\r\n\t\t\t<div class=\"elementor-widget-wrap elementor-element-populated\">\r\n\t\t\t\t\t\t\t\t<div class=\"elementor-element elementor-element-e1e79c5 elementor-widget__width-initial elementor-position-top elementor-widget elementor-widget-image-box\" data-id=\"e1e79c5\" data-element_type=\"widget\" data-e-type=\"widget\" data-widget_type=\"image-box.default\">\n\t\t\t\t<div class=\"elementor-widget-container\">\n\t\t\t\t\t<div class=\"elementor-image-box-wrapper\"><figure class=\"elementor-image-box-img\"><img loading=\"lazy\" decoding=\"async\" width=\"1024\" height=\"1024\" src=\"https:\/\/www.multibel.com\/wp-content\/uploads\/2026\/03\/cynthia.png\" class=\"attachment-full size-full wp-image-12767\" alt=\"\" srcset=\"https:\/\/www.multibel.com\/wp-content\/uploads\/2026\/03\/cynthia.png 1024w, https:\/\/www.multibel.com\/wp-content\/uploads\/2026\/03\/cynthia-768x768.png 768w, https:\/\/www.multibel.com\/wp-content\/uploads\/2026\/03\/cynthia-600x600.png 600w\" sizes=\"(max-width: 1024px) 100vw, 1024px\" \/><\/figure><div class=\"elementor-image-box-content\"><h3 class=\"elementor-image-box-title\">CYNTHIA DUMAS<\/h3><p class=\"elementor-image-box-description\">ADJOINTE AUX OP\u00c9RATIONS<\/p><\/div><\/div>\t\t\t\t<\/div>\n\t\t\t\t<\/div>\n\t\t\t\t\t<\/div>\r\n\t\t\t\r\n\t\t<\/div>\r\n\t\t\t\t<div class=\"elementor-column elementor-col-33 elementor-top-column elementor-element elementor-element-1e56aa2\" data-id=\"1e56aa2\" data-element_type=\"column\" data-e-type=\"column\">\r\n\t\t\t\r\n\t\t\t<div class=\"elementor-widget-wrap elementor-element-populated\">\r\n\t\t\t\t\t\t\t\t\t<\/div>\r\n\t\t\t\r\n\t\t<\/div>\r\n\t\t\t\t\t\t\t\t\t\t\t\t\t\t\t<\/div>\r\n\t\t\t\t\t\t\t<\/section>\r\n\t\t\t\t<section class=\"elementor-section elementor-top-section elementor-element elementor-element-88bdef0 elementor-section-boxed elementor-section-height-default elementor-section-height-default\" data-id=\"88bdef0\" data-element_type=\"section\" data-e-type=\"section\">\r\n\t\t\t\t\t\t\t\t\t\t<div class=\"elementor-container elementor-column-gap-default\" >\r\n\t\t\t\t\t\t\t\t\t\t<div class=\"elementor-column elementor-col-50 elementor-top-column elementor-element elementor-element-0ce60a8\" data-id=\"0ce60a8\" data-element_type=\"column\" data-e-type=\"column\" data-settings=\"{&quot;background_background&quot;:&quot;classic&quot;}\">\r\n\t\t\t\r\n\t\t\t<div class=\"elementor-widget-wrap elementor-element-populated\">\r\n\t\t\t\t\t\t\t\t<div class=\"elementor-element elementor-element-1b57e68 elementor-widget__width-initial elementor-widget elementor-widget-text-editor\" data-id=\"1b57e68\" data-element_type=\"widget\" data-e-type=\"widget\" data-widget_type=\"text-editor.default\">\n\t\t\t\t<div class=\"elementor-widget-container\">\n\t\t\t\t\t\t\t\t\t<p>Vous \u00eates un sp\u00e9cialiste de l&rsquo;audition, et vous souhaitez rejoindre notre \u00e9quipe?<\/p><p>Send us your resume!<\/p>\t\t\t\t\t\t\t\t<\/div>\n\t\t\t\t<\/div>\n\t\t\t\t\t<\/div>\r\n\t\t\t\r\n\t\t<\/div>\r\n\t\t\t\t<div class=\"elementor-column elementor-col-50 elementor-top-column elementor-element elementor-element-2e08ea5\" data-id=\"2e08ea5\" data-element_type=\"column\" data-e-type=\"column\" data-settings=\"{&quot;background_background&quot;:&quot;classic&quot;}\">\r\n\t\t\t\r\n\t\t\t<div class=\"elementor-widget-wrap elementor-element-populated\">\r\n\t\t\t\t\t\t\t\t<div class=\"elementor-element elementor-element-2b8d4ea elementor-view-default elementor-widget elementor-widget-icon\" data-id=\"2b8d4ea\" data-element_type=\"widget\" data-e-type=\"widget\" data-widget_type=\"icon.default\">\n\t\t\t\t<div class=\"elementor-widget-container\">\n\t\t\t\t\t\t\t<div class=\"elementor-icon-wrapper\">\n\t\t\t<a class=\"elementor-icon\" href=\"https:\/\/www.multibel.com\/en\/rejoignez-notre-equipe\/\">\n\t\t\t<i aria-hidden=\"true\" class=\"fas fa-arrow-right\"><\/i>\t\t\t<\/a>\n\t\t<\/div>\n\t\t\t\t\t\t<\/div>\n\t\t\t\t<\/div>\n\t\t\t\t\t<\/div>\r\n\t\t\t\r\n\t\t<\/div>\r\n\t\t\t\t\t\t\t\t\t\t\t\t\t\t\t<\/div>\r\n\t\t\t\t\t\t\t<\/section>\r\n\t\t\t\t<\/div>","protected":false},"excerpt":{"rendered":"<p>NOTRE \u00c9QUIPE Une \u00e9quipe engag\u00e9e \u00e0 offrir un service rapide, efficace et attentionn\u00e9 aux cliniques auditives! RICHARD REID CONSULTANT MONIQUE JONES CO-PROPRI\u00c9TAIRE RAYMOND DUNBERRY CO-PROPRI\u00c9TAIRE PHILIPPE DUNBERRY DIRECTEUR G\u00c9N\u00c9RAL TIFFANY GR\u00c9GOIRE DIRECTRICE VENTES ET OP\u00c9RATIONS SOPHIE BARIBEAU RESPONSABLE DE L&rsquo;ENTREP\u00d4T VILAY EXP\u00c9DITION NELSON EXP\u00c9DITION PAULINA EXP\u00c9DITION EVGENIA KOZYCK COMPTABLE CYNTHIA DUMAS ADJOINTE AUX OP\u00c9RATIONS Vous [&hellip;]<\/p>\n","protected":false},"author":1,"featured_media":0,"parent":0,"menu_order":10,"comment_status":"closed","ping_status":"closed","template":"","meta":{"inline_featured_image":false,"_themeisle_gutenberg_block_has_review":false,"footnotes":""},"class_list":["post-4181","page","type-page","status-publish","hentry"],"_links":{"self":[{"href":"https:\/\/www.multibel.com\/en\/wp-json\/wp\/v2\/pages\/4181","targetHints":{"allow":["GET"]}}],"collection":[{"href":"https:\/\/www.multibel.com\/en\/wp-json\/wp\/v2\/pages"}],"about":[{"href":"https:\/\/www.multibel.com\/en\/wp-json\/wp\/v2\/types\/page"}],"author":[{"embeddable":true,"href":"https:\/\/www.multibel.com\/en\/wp-json\/wp\/v2\/users\/1"}],"replies":[{"embeddable":true,"href":"https:\/\/www.multibel.com\/en\/wp-json\/wp\/v2\/comments?post=4181"}],"version-history":[{"count":15,"href":"https:\/\/www.multibel.com\/en\/wp-json\/wp\/v2\/pages\/4181\/revisions"}],"predecessor-version":[{"id":12770,"href":"https:\/\/www.multibel.com\/en\/wp-json\/wp\/v2\/pages\/4181\/revisions\/12770"}],"wp:attachment":[{"href":"https:\/\/www.multibel.com\/en\/wp-json\/wp\/v2\/media?parent=4181"}],"curies":[{"name":"wp","href":"https:\/\/api.w.org\/{rel}","templated":true}]}}