{"id":3020,"date":"2021-04-02T22:20:54","date_gmt":"2021-04-02T22:20:54","guid":{"rendered":"https:\/\/d-themes.com\/wordpress\/wolmart\/elements\/?page_id=3020"},"modified":"2022-07-06T15:16:20","modified_gmt":"2022-07-06T15:16:20","slug":"a-propos","status":"publish","type":"page","link":"https:\/\/www.multibel.com\/en\/a-propos\/","title":{"rendered":"About"},"content":{"rendered":"<div data-elementor-type=\"wp-page\" data-elementor-id=\"3020\" class=\"elementor elementor-3020\" data-elementor-post-type=\"page\">\n\t\t\t\t\t\t<section class=\"elementor-section elementor-top-section elementor-element elementor-element-8a52b9a elementor-section-boxed elementor-section-height-default elementor-section-height-default\" data-id=\"8a52b9a\" data-element_type=\"section\" data-e-type=\"section\">\r\n\t\t\t\t\t\t\t\t\t\t<div class=\"elementor-container elementor-column-gap-default\" >\r\n\t\t\t\t\t\t\t\t\t\t<div class=\"elementor-column elementor-col-100 elementor-top-column elementor-element elementor-element-4a76595\" data-id=\"4a76595\" data-element_type=\"column\" data-e-type=\"column\">\r\n\t\t\t\r\n\t\t\t<div class=\"elementor-widget-wrap elementor-element-populated\">\r\n\t\t\t\t\t\t\t\t<div class=\"elementor-element elementor-element-52b7f52 mt-10 elementor-widget elementor-widget-heading\" data-id=\"52b7f52\" data-element_type=\"widget\" data-e-type=\"widget\" data-widget_type=\"heading.default\">\n\t\t\t\t<div class=\"elementor-widget-container\">\n\t\t\t\t\t<h2 class=\"elementor-heading-title elementor-size-default\">ABOUT MULTIBEL<\/h2>\t\t\t\t<\/div>\n\t\t\t\t<\/div>\n\t\t\t\t<div class=\"elementor-element elementor-element-3551ae8 elementor-widget elementor-widget-text-editor\" data-id=\"3551ae8\" data-element_type=\"widget\" data-e-type=\"widget\" data-widget_type=\"text-editor.default\">\n\t\t\t\t<div class=\"elementor-widget-container\">\n\t\t\t\t\t\t\t\t\t<p align=\"justify\">Founded in 1989 by Richard Reid, MultiBel Distribution is a dynamic company working in the field of hearing health. Its clientele is composed of hearing aid clinics, earmold laboratories, audiology clinics and hearing aid manufacturers. In the beginning, Multibel Distribution distributed only seven cleaning and asepsis products. With personalized service, competitive pricing, a wide variety of products and competent inventory management, Multibel Distribution is committed to helping its customers with the products they need to run an efficient clinic and provide high quality services. Concerned about the environment, Multibel Distribution has been committed since its creation to abolish over-packaging and uses only recyclable containers. Multibel Distribution's mission is to remain a leader in the supply of products for the comfort and hygiene of hearing aids as well as for the various clinical products used in the field of hearing with the best range of products available.<\/p>\t\t\t\t\t\t\t\t<\/div>\n\t\t\t\t<\/div>\n\t\t\t\t<div class=\"elementor-element elementor-element-8bffaad elementor-widget elementor-widget-image\" data-id=\"8bffaad\" data-element_type=\"widget\" data-e-type=\"widget\" data-widget_type=\"image.default\">\n\t\t\t\t<div class=\"elementor-widget-container\">\n\t\t\t\t\t\t\t\t\t\t\t\t\t\t\t<img fetchpriority=\"high\" decoding=\"async\" width=\"990\" height=\"555\" src=\"https:\/\/www.multibel.com\/wp-content\/uploads\/2022\/07\/Multibel_GAMMEPRO.jpg\" class=\"attachment-large size-large wp-image-7979\" alt=\"\" srcset=\"https:\/\/www.multibel.com\/wp-content\/uploads\/2022\/07\/Multibel_GAMMEPRO.jpg 990w, https:\/\/www.multibel.com\/wp-content\/uploads\/2022\/07\/Multibel_GAMMEPRO-600x336.jpg 600w, https:\/\/www.multibel.com\/wp-content\/uploads\/2022\/07\/Multibel_GAMMEPRO-768x431.jpg 768w\" sizes=\"(max-width: 990px) 100vw, 990px\" \/>\t\t\t\t\t\t\t\t\t\t\t\t\t\t\t<\/div>\n\t\t\t\t<\/div>\n\t\t\t\t\t<\/div>\r\n\t\t\t\r\n\t\t<\/div>\r\n\t\t\t\t\t\t\t\t\t\t\t\t\t\t\t<\/div>\r\n\t\t\t\t\t\t\t<\/section>\r\n\t\t\t\t<\/div>","protected":false},"excerpt":{"rendered":"<p>\u00c0 PROPOS DE MULTIBEL Fond\u00e9e en 1989 par Richard Reid, MultiBel Distribution est une entreprise dynamique \u0153uvrant dans le domaine de la sant\u00e9 auditive. Sa client\u00e8le est compos\u00e9e de cliniques d&rsquo;audioproth\u00e8se, de laboratoires d&#8217;embouts, de cliniques d&rsquo;audiologie et de fabricants d&rsquo;appareils auditifs. Au d\u00e9but, Multibel Distribution ne distribuait que sept produits de nettoyage et d&rsquo;asepsie. [&hellip;]<\/p>\n","protected":false},"author":1,"featured_media":0,"parent":0,"menu_order":0,"comment_status":"closed","ping_status":"closed","template":"","meta":{"inline_featured_image":false,"_themeisle_gutenberg_block_has_review":false,"footnotes":""},"class_list":["post-3020","page","type-page","status-publish","hentry"],"_links":{"self":[{"href":"https:\/\/www.multibel.com\/en\/wp-json\/wp\/v2\/pages\/3020","targetHints":{"allow":["GET"]}}],"collection":[{"href":"https:\/\/www.multibel.com\/en\/wp-json\/wp\/v2\/pages"}],"about":[{"href":"https:\/\/www.multibel.com\/en\/wp-json\/wp\/v2\/types\/page"}],"author":[{"embeddable":true,"href":"https:\/\/www.multibel.com\/en\/wp-json\/wp\/v2\/users\/1"}],"replies":[{"embeddable":true,"href":"https:\/\/www.multibel.com\/en\/wp-json\/wp\/v2\/comments?post=3020"}],"version-history":[{"count":0,"href":"https:\/\/www.multibel.com\/en\/wp-json\/wp\/v2\/pages\/3020\/revisions"}],"wp:attachment":[{"href":"https:\/\/www.multibel.com\/en\/wp-json\/wp\/v2\/media?parent=3020"}],"curies":[{"name":"wp","href":"https:\/\/api.w.org\/{rel}","templated":true}]}}